{"id":5,"date":"2015-11-30T15:44:04","date_gmt":"2015-11-30T15:44:04","guid":{"rendered":"http:\/\/peccin.matheus.rede.astrusweb.com\/?page_id=5"},"modified":"2024-10-01T16:56:23","modified_gmt":"2024-10-01T16:56:23","slug":"empresa","status":"publish","type":"page","link":"https:\/\/www.peccin.com.br\/es\/empresa\/","title":{"rendered":"Peccin"},"content":{"rendered":"<p><\/p>\n<p>En 1956, a partir del sue\u00f1o de los hermanos Pezzin, nac\u00eda una empresa que a lo largo de su historia, se consolidar\u00eda por su posicionamiento emprendedor, innovador y de profundo respeto al consumidor.<\/p>\n<p>Hoy Peccin se afianz\u00f3 como una gran industria, con un parque industrial de 40.000m2 y una de las mayores capacidades de producci\u00f3n del pa\u00eds en el segmento. Es mantenedora de marcas como Trento, Tribala, Blong y Frutomila.<\/p>\n<p>Y fue as\u00ed que nosotros crecimos: entendiendo que la evoluci\u00f3n diaria es fruto de la inversi\u00f3n constante en investigaci\u00f3n y desarrollo. Con los ojos atentos y enfocados al Mercado mundial, acompa\u00f1ando tendencias, alteraciones de comportamiento y h\u00e1bitos de consumo, progresando incansablemente en todas las tecnolog\u00edas \u2013 sean ellas de producci\u00f3n o de gesti\u00f3n.<\/p>\n<p>A trav\u00e9s de nuestro compromiso, tambi\u00e9n conquistamos certificaciones como BRC \u2013 para garantizar productos seguros y con control de calidad, tanto para el mercado brasileiro como para los m\u00e1s de 50 pa\u00edses en los cuales actuamos en los cinco continentes, siempre guiados por la \u00e9tica, honestidad y respeto.<\/p>","protected":false},"excerpt":{"rendered":"<p>En 1956, a partir del sue\u00f1o de los hermanos Pezzin, [&hellip;]<\/p>\n","protected":false},"author":33,"featured_media":99135,"parent":0,"menu_order":0,"comment_status":"closed","ping_status":"closed","template":"","meta":{"footnotes":""},"class_list":["post-5","page","type-page","status-publish","has-post-thumbnail","hentry"],"yoast_head":"<!-- This site is optimized with the Yoast SEO plugin v16.0 - https:\/\/yoast.com\/wordpress\/plugins\/seo\/ -->\n<link rel=\"canonical\" href=\"https:\/\/www.peccin.com.br\/empresa\/\" \/>\n<meta property=\"og:locale\" content=\"es_ES\" \/>\n<meta property=\"og:type\" content=\"article\" \/>\n<meta property=\"og:title\" content=\"[:pb]A Peccin[:en]Peccin[:es]Peccin[:] | Peccin\" \/>\n<meta property=\"og:description\" content=\"En 1956, a partir del sue\u00f1o de los hermanos Pezzin, [&hellip;]\" \/>\n<meta property=\"og:url\" content=\"https:\/\/www.peccin.com.br\/empresa\/\" \/>\n<meta property=\"og:site_name\" content=\"Peccin\" \/>\n<meta property=\"article:modified_time\" content=\"2024-10-01T16:56:23+00:00\" \/>\n<meta property=\"og:image\" content=\"https:\/\/www.peccin.com.br\/wp-content\/uploads\/2015\/11\/trento21-1024x336.jpg\" \/>\n\t<meta property=\"og:image:width\" content=\"1024\" \/>\n\t<meta property=\"og:image:height\" content=\"336\" \/>\n<meta name=\"twitter:card\" content=\"summary\" \/>\n<meta name=\"twitter:label1\" content=\"Est. reading time\">\n\t<meta name=\"twitter:data1\" content=\"3 minutos\">\n<script type=\"application\/ld+json\" class=\"yoast-schema-graph\">{\"@context\":\"https:\/\/schema.org\",\"@graph\":[{\"@type\":\"WebSite\",\"@id\":\"https:\/\/www.peccin.com.br\/#website\",\"url\":\"https:\/\/www.peccin.com.br\/\",\"name\":\"Peccin\",\"description\":\"S\\u00f3 mais um site WordPress\",\"potentialAction\":[{\"@type\":\"SearchAction\",\"target\":\"https:\/\/www.peccin.com.br\/?s={search_term_string}\",\"query-input\":\"required name=search_term_string\"}],\"inLanguage\":\"es\"},{\"@type\":\"ImageObject\",\"@id\":\"https:\/\/www.peccin.com.br\/empresa\/#primaryimage\",\"inLanguage\":\"es\",\"url\":\"https:\/\/www.peccin.com.br\/wp-content\/uploads\/2015\/11\/trento21-1024x336.jpg\",\"width\":1024,\"height\":336},{\"@type\":\"WebPage\",\"@id\":\"https:\/\/www.peccin.com.br\/empresa\/#webpage\",\"url\":\"https:\/\/www.peccin.com.br\/empresa\/\",\"name\":\"[:pb]A Peccin[:en]Peccin[:es]Peccin[:] | Peccin\",\"isPartOf\":{\"@id\":\"https:\/\/www.peccin.com.br\/#website\"},\"primaryImageOfPage\":{\"@id\":\"https:\/\/www.peccin.com.br\/empresa\/#primaryimage\"},\"datePublished\":\"2015-11-30T15:44:04+00:00\",\"dateModified\":\"2024-10-01T16:56:23+00:00\",\"breadcrumb\":{\"@id\":\"https:\/\/www.peccin.com.br\/empresa\/#breadcrumb\"},\"inLanguage\":\"es\",\"potentialAction\":[{\"@type\":\"ReadAction\",\"target\":[\"https:\/\/www.peccin.com.br\/empresa\/\"]}]},{\"@type\":\"BreadcrumbList\",\"@id\":\"https:\/\/www.peccin.com.br\/empresa\/#breadcrumb\",\"itemListElement\":[{\"@type\":\"ListItem\",\"position\":1,\"item\":{\"@type\":\"WebPage\",\"@id\":\"https:\/\/www.peccin.com.br\/\",\"url\":\"https:\/\/www.peccin.com.br\/\",\"name\":\"Inicio\"}},{\"@type\":\"ListItem\",\"position\":2,\"item\":{\"@type\":\"WebPage\",\"@id\":\"https:\/\/www.peccin.com.br\/empresa\/\",\"url\":\"https:\/\/www.peccin.com.br\/empresa\/\",\"name\":\"A Peccin\"}}]}]}<\/script>\n<!-- \/ Yoast SEO plugin. -->","_links":{"self":[{"href":"https:\/\/www.peccin.com.br\/es\/wp-json\/wp\/v2\/pages\/5","targetHints":{"allow":["GET"]}}],"collection":[{"href":"https:\/\/www.peccin.com.br\/es\/wp-json\/wp\/v2\/pages"}],"about":[{"href":"https:\/\/www.peccin.com.br\/es\/wp-json\/wp\/v2\/types\/page"}],"author":[{"embeddable":true,"href":"https:\/\/www.peccin.com.br\/es\/wp-json\/wp\/v2\/users\/33"}],"replies":[{"embeddable":true,"href":"https:\/\/www.peccin.com.br\/es\/wp-json\/wp\/v2\/comments?post=5"}],"version-history":[{"count":12,"href":"https:\/\/www.peccin.com.br\/es\/wp-json\/wp\/v2\/pages\/5\/revisions"}],"predecessor-version":[{"id":108743,"href":"https:\/\/www.peccin.com.br\/es\/wp-json\/wp\/v2\/pages\/5\/revisions\/108743"}],"wp:featuredmedia":[{"embeddable":true,"href":"https:\/\/www.peccin.com.br\/es\/wp-json\/wp\/v2\/media\/99135"}],"wp:attachment":[{"href":"https:\/\/www.peccin.com.br\/es\/wp-json\/wp\/v2\/media?parent=5"}],"curies":[{"name":"wp","href":"https:\/\/api.w.org\/{rel}","templated":true}]}}