{"id":105443,"date":"2021-09-24T17:17:32","date_gmt":"2021-09-24T17:17:32","guid":{"rendered":"http:\/\/localhost:8080\/?page_id=105443"},"modified":"2024-10-01T16:58:14","modified_gmt":"2024-10-01T16:58:14","slug":"peccin-no-mundo","status":"publish","type":"page","link":"https:\/\/www.peccin.com.br\/es\/peccin-no-mundo\/","title":{"rendered":"Peccin no mundo"},"content":{"rendered":"\n<p>A Peccin participa do mercado exterior, estando presente em mais de 50 pa\u00edses, sendo uma das principais empresas brasileiras a exportar mais sabor e alegria aos quatro cantos do mundo.<\/p>\n\n\n\n<p>Ampliar nossa participa\u00e7\u00e3o neste mercado e atender as necessidades dos diversos clientes espalhados nos diferentes pa\u00edses continua sendo uma das grandes apostas da Peccin.<\/p>\n\n\n\n<p>Estamos presentes, anualmente, em quatro feiras internacionais: ISM e ANUGA (Col\u00f4nia, na Alemanha), SIAL (Paris, na Fran\u00e7a) e Sweet Brasil, que acontece em diversas cidades do nosso pa\u00eds.<\/p>\n","protected":false},"excerpt":{"rendered":"<h3><strong>Peccin<\/strong><\/h3>\n<p>no<\/p>\n<h3>mundo<\/h3>\n","protected":false},"author":33,"featured_media":0,"parent":0,"menu_order":0,"comment_status":"closed","ping_status":"closed","template":"","meta":{"footnotes":""},"class_list":["post-105443","page","type-page","status-publish","hentry"],"yoast_head":"<!-- This site is optimized with the Yoast SEO plugin v16.0 - https:\/\/yoast.com\/wordpress\/plugins\/seo\/ -->\n<link rel=\"canonical\" href=\"https:\/\/www.peccin.com.br\/peccin-no-mundo\/\" \/>\n<meta property=\"og:locale\" content=\"es_ES\" \/>\n<meta property=\"og:type\" content=\"article\" \/>\n<meta property=\"og:title\" content=\"Peccin no mundo | Peccin\" \/>\n<meta property=\"og:description\" content=\"Peccinnomundo\" \/>\n<meta property=\"og:url\" content=\"https:\/\/www.peccin.com.br\/peccin-no-mundo\/\" \/>\n<meta property=\"og:site_name\" content=\"Peccin\" \/>\n<meta property=\"article:modified_time\" content=\"2024-10-01T16:58:14+00:00\" \/>\n<meta name=\"twitter:card\" content=\"summary\" \/>\n<meta name=\"twitter:label1\" content=\"Est. reading time\">\n\t<meta name=\"twitter:data1\" content=\"1 minuto\">\n<script type=\"application\/ld+json\" class=\"yoast-schema-graph\">{\"@context\":\"https:\/\/schema.org\",\"@graph\":[{\"@type\":\"WebSite\",\"@id\":\"https:\/\/www.peccin.com.br\/#website\",\"url\":\"https:\/\/www.peccin.com.br\/\",\"name\":\"Peccin\",\"description\":\"S\\u00f3 mais um site WordPress\",\"potentialAction\":[{\"@type\":\"SearchAction\",\"target\":\"https:\/\/www.peccin.com.br\/?s={search_term_string}\",\"query-input\":\"required name=search_term_string\"}],\"inLanguage\":\"es\"},{\"@type\":\"WebPage\",\"@id\":\"https:\/\/www.peccin.com.br\/peccin-no-mundo\/#webpage\",\"url\":\"https:\/\/www.peccin.com.br\/peccin-no-mundo\/\",\"name\":\"Peccin no mundo | Peccin\",\"isPartOf\":{\"@id\":\"https:\/\/www.peccin.com.br\/#website\"},\"datePublished\":\"2021-09-24T17:17:32+00:00\",\"dateModified\":\"2024-10-01T16:58:14+00:00\",\"breadcrumb\":{\"@id\":\"https:\/\/www.peccin.com.br\/peccin-no-mundo\/#breadcrumb\"},\"inLanguage\":\"es\",\"potentialAction\":[{\"@type\":\"ReadAction\",\"target\":[\"https:\/\/www.peccin.com.br\/peccin-no-mundo\/\"]}]},{\"@type\":\"BreadcrumbList\",\"@id\":\"https:\/\/www.peccin.com.br\/peccin-no-mundo\/#breadcrumb\",\"itemListElement\":[{\"@type\":\"ListItem\",\"position\":1,\"item\":{\"@type\":\"WebPage\",\"@id\":\"https:\/\/www.peccin.com.br\/\",\"url\":\"https:\/\/www.peccin.com.br\/\",\"name\":\"Inicio\"}},{\"@type\":\"ListItem\",\"position\":2,\"item\":{\"@type\":\"WebPage\",\"@id\":\"https:\/\/www.peccin.com.br\/peccin-no-mundo\/\",\"url\":\"https:\/\/www.peccin.com.br\/peccin-no-mundo\/\",\"name\":\"Peccin no mundo\"}}]}]}<\/script>\n<!-- \/ Yoast SEO plugin. -->","_links":{"self":[{"href":"https:\/\/www.peccin.com.br\/es\/wp-json\/wp\/v2\/pages\/105443","targetHints":{"allow":["GET"]}}],"collection":[{"href":"https:\/\/www.peccin.com.br\/es\/wp-json\/wp\/v2\/pages"}],"about":[{"href":"https:\/\/www.peccin.com.br\/es\/wp-json\/wp\/v2\/types\/page"}],"author":[{"embeddable":true,"href":"https:\/\/www.peccin.com.br\/es\/wp-json\/wp\/v2\/users\/33"}],"replies":[{"embeddable":true,"href":"https:\/\/www.peccin.com.br\/es\/wp-json\/wp\/v2\/comments?post=105443"}],"version-history":[{"count":8,"href":"https:\/\/www.peccin.com.br\/es\/wp-json\/wp\/v2\/pages\/105443\/revisions"}],"predecessor-version":[{"id":108470,"href":"https:\/\/www.peccin.com.br\/es\/wp-json\/wp\/v2\/pages\/105443\/revisions\/108470"}],"wp:attachment":[{"href":"https:\/\/www.peccin.com.br\/es\/wp-json\/wp\/v2\/media?parent=105443"}],"curies":[{"name":"wp","href":"https:\/\/api.w.org\/{rel}","templated":true}]}}