{"id":105411,"date":"2021-09-23T20:38:59","date_gmt":"2021-09-23T20:38:59","guid":{"rendered":"http:\/\/localhost:8080\/?page_id=105411"},"modified":"2022-06-24T18:30:00","modified_gmt":"2022-06-24T18:30:00","slug":"gestao-de-pessoas","status":"publish","type":"page","link":"https:\/\/www.peccin.com.br\/es\/gestao-de-pessoas\/","title":{"rendered":"Gest\u00e3o de Pessoas"},"content":{"rendered":"\n<p>NOSSO <strong>DIFERENCIAL<\/strong><\/p>\n\n\n\n<p>O diferencial da Peccin em rela\u00e7\u00e3o a qualquer outra empresa do ramo de guloseimas s\u00e3o as pessoas. Temos em nossa equipe profissionais competentes e dedicados para entregar o melhor do doce aos consumidores.<\/p>\n\n\n\n<p>\u00c9 pensando na valoriza\u00e7\u00e3o dos nossos colaboradores que possu\u00edmos diversos programas de Recursos Humanos, uma vez que acreditamos que os nossos resultados s\u00e3o atingidos com a participa\u00e7\u00e3o de todos.<\/p>\n\n\n\n<div class=\"schema-how-to wp-block-yoast-how-to-block\"><p class=\"schema-how-to-description\"><\/p> <ol class=\"schema-how-to-steps\"><li class=\"schema-how-to-step\" id=\"how-to-step-1632430413434\"><strong class=\"schema-how-to-step-name\">Plano de Sa\u00fade<\/strong> <p class=\"schema-how-to-step-text\"><img decoding=\"async\" alt=\"\" src=\"https:\/\/www.peccin.com.br\/wp-content\/uploads\/2022\/06\/healthcare.png\"\/><\/p> <\/li><li class=\"schema-how-to-step\" id=\"how-to-step-1632430424392\"><strong class=\"schema-how-to-step-name\">Atendimento Odontol\u00f3gico<\/strong> <p class=\"schema-how-to-step-text\"><img decoding=\"async\" alt=\"\" src=\"https:\/\/www.peccin.com.br\/wp-content\/uploads\/2022\/06\/dental-care.png\"\/><\/p> <\/li><li class=\"schema-how-to-step\" id=\"how-to-step-1632430436813\"><strong class=\"schema-how-to-step-name\">Transporte at\u00e9 a empresa<\/strong> <p class=\"schema-how-to-step-text\"><img decoding=\"async\" alt=\"\" src=\"https:\/\/www.peccin.com.br\/wp-content\/uploads\/2022\/06\/bus.png\"\/><\/p> <\/li><li class=\"schema-how-to-step\" id=\"how-to-step-1632430451631\"><strong class=\"schema-how-to-step-name\">Refeit\u00f3rio seguindo as mais r\u00edgidas normas de higiene<\/strong> <p class=\"schema-how-to-step-text\"><img decoding=\"async\" alt=\"\" src=\"https:\/\/www.peccin.com.br\/wp-content\/uploads\/2022\/06\/dinner.png\"\/><\/p> <\/li><li class=\"schema-how-to-step\" id=\"how-to-step-1632430463622\"><strong class=\"schema-how-to-step-name\">Presen\u00e7a Premiada, valorizando aqueles que se dedicam ao emprego<\/strong> <p class=\"schema-how-to-step-text\"><img decoding=\"async\" alt=\"\" src=\"https:\/\/www.peccin.com.br\/wp-content\/uploads\/2022\/06\/badge.png\"\/><\/p> <\/li><li class=\"schema-how-to-step\" id=\"how-to-step-1632430470339\"><strong class=\"schema-how-to-step-name\">O Sesi Max \u2013 cart\u00e3o do trabalhador da ind\u00fastria<\/strong> <p class=\"schema-how-to-step-text\"><img decoding=\"async\" alt=\"\" src=\"https:\/\/www.peccin.com.br\/wp-content\/uploads\/2022\/06\/credit-card-payment.png\"\/><\/p> <\/li><\/ol><\/div>\n","protected":false},"excerpt":{"rendered":"<p><strong>Gest\u00e3o<\/strong><br \/> de<br \/> <strong>pessoas<\/strong><\/p>\n","protected":false},"author":33,"featured_media":105412,"parent":0,"menu_order":0,"comment_status":"closed","ping_status":"closed","template":"","meta":{"footnotes":""},"class_list":["post-105411","page","type-page","status-publish","has-post-thumbnail","hentry"],"yoast_head":"<!-- This site is optimized with the Yoast SEO plugin v16.0 - https:\/\/yoast.com\/wordpress\/plugins\/seo\/ -->\n<link rel=\"canonical\" href=\"https:\/\/www.peccin.com.br\/gestao-de-pessoas\/\" \/>\n<meta property=\"og:locale\" content=\"es_ES\" \/>\n<meta property=\"og:type\" content=\"article\" \/>\n<meta property=\"og:title\" content=\"Gest\u00e3o de Pessoas | Peccin\" \/>\n<meta property=\"og:description\" content=\"Gest\u00e3o de pessoas\" \/>\n<meta property=\"og:url\" content=\"https:\/\/www.peccin.com.br\/gestao-de-pessoas\/\" \/>\n<meta property=\"og:site_name\" content=\"Peccin\" \/>\n<meta property=\"article:modified_time\" content=\"2022-06-24T18:30:00+00:00\" \/>\n<meta property=\"og:image\" content=\"https:\/\/www.peccin.com.br\/wp-content\/uploads\/2021\/09\/banner-2.jpg\" \/>\n\t<meta property=\"og:image:width\" content=\"1920\" \/>\n\t<meta property=\"og:image:height\" content=\"458\" \/>\n<meta name=\"twitter:card\" content=\"summary\" \/>\n<meta name=\"twitter:label1\" content=\"Est. reading time\">\n\t<meta name=\"twitter:data1\" content=\"1 minuto\">\n<script type=\"application\/ld+json\" class=\"yoast-schema-graph\">{\"@context\":\"https:\/\/schema.org\",\"@graph\":[{\"@type\":\"WebSite\",\"@id\":\"https:\/\/www.peccin.com.br\/#website\",\"url\":\"https:\/\/www.peccin.com.br\/\",\"name\":\"Peccin\",\"description\":\"S\\u00f3 mais um site WordPress\",\"potentialAction\":[{\"@type\":\"SearchAction\",\"target\":\"https:\/\/www.peccin.com.br\/?s={search_term_string}\",\"query-input\":\"required name=search_term_string\"}],\"inLanguage\":\"es\"},{\"@type\":\"ImageObject\",\"@id\":\"https:\/\/www.peccin.com.br\/gestao-de-pessoas\/#primaryimage\",\"inLanguage\":\"es\",\"url\":\"https:\/\/www.peccin.com.br\/wp-content\/uploads\/2021\/09\/banner-2.jpg\",\"width\":1920,\"height\":458},{\"@type\":\"WebPage\",\"@id\":\"https:\/\/www.peccin.com.br\/gestao-de-pessoas\/#webpage\",\"url\":\"https:\/\/www.peccin.com.br\/gestao-de-pessoas\/\",\"name\":\"Gest\\u00e3o de Pessoas | Peccin\",\"isPartOf\":{\"@id\":\"https:\/\/www.peccin.com.br\/#website\"},\"primaryImageOfPage\":{\"@id\":\"https:\/\/www.peccin.com.br\/gestao-de-pessoas\/#primaryimage\"},\"datePublished\":\"2021-09-23T20:38:59+00:00\",\"dateModified\":\"2022-06-24T18:30:00+00:00\",\"breadcrumb\":{\"@id\":\"https:\/\/www.peccin.com.br\/gestao-de-pessoas\/#breadcrumb\"},\"inLanguage\":\"es\",\"potentialAction\":[{\"@type\":\"ReadAction\",\"target\":[\"https:\/\/www.peccin.com.br\/gestao-de-pessoas\/\"]}]},{\"@type\":\"BreadcrumbList\",\"@id\":\"https:\/\/www.peccin.com.br\/gestao-de-pessoas\/#breadcrumb\",\"itemListElement\":[{\"@type\":\"ListItem\",\"position\":1,\"item\":{\"@type\":\"WebPage\",\"@id\":\"https:\/\/www.peccin.com.br\/\",\"url\":\"https:\/\/www.peccin.com.br\/\",\"name\":\"Inicio\"}},{\"@type\":\"ListItem\",\"position\":2,\"item\":{\"@type\":\"WebPage\",\"@id\":\"https:\/\/www.peccin.com.br\/gestao-de-pessoas\/\",\"url\":\"https:\/\/www.peccin.com.br\/gestao-de-pessoas\/\",\"name\":\"Gest\\u00e3o de Pessoas\"}}]},{\"@type\":\"HowTo\",\"@id\":\"https:\/\/www.peccin.com.br\/gestao-de-pessoas\/#howto-1\",\"name\":\"Gest\\u00e3o de Pessoas\",\"mainEntityOfPage\":{\"@id\":\"https:\/\/www.peccin.com.br\/gestao-de-pessoas\/#webpage\"},\"description\":\"\",\"step\":[{\"@type\":\"HowToStep\",\"url\":\"https:\/\/www.peccin.com.br\/gestao-de-pessoas\/#how-to-step-1632430413434\",\"text\":\"Plano de Sa\\u00fade\"},{\"@type\":\"HowToStep\",\"url\":\"https:\/\/www.peccin.com.br\/gestao-de-pessoas\/#how-to-step-1632430424392\",\"text\":\"Atendimento Odontol\\u00f3gico\"},{\"@type\":\"HowToStep\",\"url\":\"https:\/\/www.peccin.com.br\/gestao-de-pessoas\/#how-to-step-1632430436813\",\"text\":\"Transporte at\\u00e9 a empresa\"},{\"@type\":\"HowToStep\",\"url\":\"https:\/\/www.peccin.com.br\/gestao-de-pessoas\/#how-to-step-1632430451631\",\"text\":\"Refeit\\u00f3rio seguindo as mais r\\u00edgidas normas de higiene\"},{\"@type\":\"HowToStep\",\"url\":\"https:\/\/www.peccin.com.br\/gestao-de-pessoas\/#how-to-step-1632430463622\",\"text\":\"Presen\\u00e7a Premiada, valorizando aqueles que se dedicam ao emprego\"},{\"@type\":\"HowToStep\",\"url\":\"https:\/\/www.peccin.com.br\/gestao-de-pessoas\/#how-to-step-1632430470339\",\"text\":\"O Sesi Max \\u2013 cart\\u00e3o do trabalhador da ind\\u00fastria\"}],\"inLanguage\":\"es\"}]}<\/script>\n<!-- \/ Yoast SEO plugin. -->","_links":{"self":[{"href":"https:\/\/www.peccin.com.br\/es\/wp-json\/wp\/v2\/pages\/105411","targetHints":{"allow":["GET"]}}],"collection":[{"href":"https:\/\/www.peccin.com.br\/es\/wp-json\/wp\/v2\/pages"}],"about":[{"href":"https:\/\/www.peccin.com.br\/es\/wp-json\/wp\/v2\/types\/page"}],"author":[{"embeddable":true,"href":"https:\/\/www.peccin.com.br\/es\/wp-json\/wp\/v2\/users\/33"}],"replies":[{"embeddable":true,"href":"https:\/\/www.peccin.com.br\/es\/wp-json\/wp\/v2\/comments?post=105411"}],"version-history":[{"count":6,"href":"https:\/\/www.peccin.com.br\/es\/wp-json\/wp\/v2\/pages\/105411\/revisions"}],"predecessor-version":[{"id":106437,"href":"https:\/\/www.peccin.com.br\/es\/wp-json\/wp\/v2\/pages\/105411\/revisions\/106437"}],"wp:featuredmedia":[{"embeddable":true,"href":"https:\/\/www.peccin.com.br\/es\/wp-json\/wp\/v2\/media\/105412"}],"wp:attachment":[{"href":"https:\/\/www.peccin.com.br\/es\/wp-json\/wp\/v2\/media?parent=105411"}],"curies":[{"name":"wp","href":"https:\/\/api.w.org\/{rel}","templated":true}]}}