{"id":105403,"date":"2021-09-23T11:36:31","date_gmt":"2021-09-23T11:36:31","guid":{"rendered":"http:\/\/localhost:8080\/?page_id=105403"},"modified":"2021-09-23T12:04:19","modified_gmt":"2021-09-23T12:04:19","slug":"certificacoes","status":"publish","type":"page","link":"https:\/\/www.peccin.com.br\/es\/certificacoes\/","title":{"rendered":"Certifica\u00e7\u00f5es"},"content":{"rendered":"\n<p>EMPRESA 100% FOCADA NA <strong>EXCEL\u00caNCIA<\/strong><\/p>\n\n\n\n<p>Somos uma empresa 100% focada na excel\u00eancia de nossos produtos e na satisfa\u00e7\u00e3o dos clientes.<\/p>\n\n\n\n<p>O reflexo disto foi que, no ano de 2015, recebemos o certificado BRC \u2013Norma Global de Seguran\u00e7a dos Alimentos;<br>Essa certifica\u00e7\u00e3o demonstra o n\u00edvel de compet\u00eancia da Peccin, em mat\u00e9ria de APPCC (an\u00e1lise de perigos e gerenciamento dos riscos), higiene, seguran\u00e7a dos alimentos e sistemas de qualidade.<\/p>\n\n\n\n<p>Projetos como GMP (Boas Pr\u00e1ticas de Fabrica\u00e7\u00e3o), CQA (Controle de Qualidade Ambiental) e CQP (Controle de Qualidade de Processos) fazem parte da Gest\u00e3o da Qualidade Peccin S.A.<\/p>\n","protected":false},"excerpt":{"rendered":"<p><strong>Falar de Peccin<\/strong><br \/>\u00e9 falar de<br \/><strong>qualidade<\/strong><\/p>\n","protected":false},"author":33,"featured_media":105404,"parent":0,"menu_order":0,"comment_status":"closed","ping_status":"closed","template":"","meta":{"footnotes":""},"class_list":["post-105403","page","type-page","status-publish","has-post-thumbnail","hentry"],"yoast_head":"<!-- This site is optimized with the Yoast SEO plugin v16.0 - https:\/\/yoast.com\/wordpress\/plugins\/seo\/ -->\n<link rel=\"canonical\" href=\"https:\/\/www.peccin.com.br\/certificacoes\/\" \/>\n<meta property=\"og:locale\" content=\"es_ES\" \/>\n<meta property=\"og:type\" content=\"article\" \/>\n<meta property=\"og:title\" content=\"Certifica\u00e7\u00f5es | Peccin\" \/>\n<meta property=\"og:description\" content=\"Falar de Peccin\u00e9 falar dequalidade\" \/>\n<meta property=\"og:url\" content=\"https:\/\/www.peccin.com.br\/certificacoes\/\" \/>\n<meta property=\"og:site_name\" content=\"Peccin\" \/>\n<meta property=\"article:modified_time\" content=\"2021-09-23T12:04:19+00:00\" \/>\n<meta property=\"og:image\" content=\"https:\/\/www.peccin.com.br\/wp-content\/uploads\/2021\/09\/banner-1-1.jpg\" \/>\n\t<meta property=\"og:image:width\" content=\"1920\" \/>\n\t<meta property=\"og:image:height\" content=\"458\" \/>\n<meta name=\"twitter:card\" content=\"summary\" \/>\n<meta name=\"twitter:label1\" content=\"Est. reading time\">\n\t<meta name=\"twitter:data1\" content=\"1 minuto\">\n<script type=\"application\/ld+json\" class=\"yoast-schema-graph\">{\"@context\":\"https:\/\/schema.org\",\"@graph\":[{\"@type\":\"WebSite\",\"@id\":\"https:\/\/www.peccin.com.br\/#website\",\"url\":\"https:\/\/www.peccin.com.br\/\",\"name\":\"Peccin\",\"description\":\"S\\u00f3 mais um site WordPress\",\"potentialAction\":[{\"@type\":\"SearchAction\",\"target\":\"https:\/\/www.peccin.com.br\/?s={search_term_string}\",\"query-input\":\"required name=search_term_string\"}],\"inLanguage\":\"es\"},{\"@type\":\"ImageObject\",\"@id\":\"https:\/\/www.peccin.com.br\/certificacoes\/#primaryimage\",\"inLanguage\":\"es\",\"url\":\"https:\/\/www.peccin.com.br\/wp-content\/uploads\/2021\/09\/banner-1-1.jpg\",\"width\":1920,\"height\":458},{\"@type\":\"WebPage\",\"@id\":\"https:\/\/www.peccin.com.br\/certificacoes\/#webpage\",\"url\":\"https:\/\/www.peccin.com.br\/certificacoes\/\",\"name\":\"Certifica\\u00e7\\u00f5es | Peccin\",\"isPartOf\":{\"@id\":\"https:\/\/www.peccin.com.br\/#website\"},\"primaryImageOfPage\":{\"@id\":\"https:\/\/www.peccin.com.br\/certificacoes\/#primaryimage\"},\"datePublished\":\"2021-09-23T11:36:31+00:00\",\"dateModified\":\"2021-09-23T12:04:19+00:00\",\"breadcrumb\":{\"@id\":\"https:\/\/www.peccin.com.br\/certificacoes\/#breadcrumb\"},\"inLanguage\":\"es\",\"potentialAction\":[{\"@type\":\"ReadAction\",\"target\":[\"https:\/\/www.peccin.com.br\/certificacoes\/\"]}]},{\"@type\":\"BreadcrumbList\",\"@id\":\"https:\/\/www.peccin.com.br\/certificacoes\/#breadcrumb\",\"itemListElement\":[{\"@type\":\"ListItem\",\"position\":1,\"item\":{\"@type\":\"WebPage\",\"@id\":\"https:\/\/www.peccin.com.br\/\",\"url\":\"https:\/\/www.peccin.com.br\/\",\"name\":\"Inicio\"}},{\"@type\":\"ListItem\",\"position\":2,\"item\":{\"@type\":\"WebPage\",\"@id\":\"https:\/\/www.peccin.com.br\/certificacoes\/\",\"url\":\"https:\/\/www.peccin.com.br\/certificacoes\/\",\"name\":\"Certifica\\u00e7\\u00f5es\"}}]}]}<\/script>\n<!-- \/ Yoast SEO plugin. -->","_links":{"self":[{"href":"https:\/\/www.peccin.com.br\/es\/wp-json\/wp\/v2\/pages\/105403","targetHints":{"allow":["GET"]}}],"collection":[{"href":"https:\/\/www.peccin.com.br\/es\/wp-json\/wp\/v2\/pages"}],"about":[{"href":"https:\/\/www.peccin.com.br\/es\/wp-json\/wp\/v2\/types\/page"}],"author":[{"embeddable":true,"href":"https:\/\/www.peccin.com.br\/es\/wp-json\/wp\/v2\/users\/33"}],"replies":[{"embeddable":true,"href":"https:\/\/www.peccin.com.br\/es\/wp-json\/wp\/v2\/comments?post=105403"}],"version-history":[{"count":3,"href":"https:\/\/www.peccin.com.br\/es\/wp-json\/wp\/v2\/pages\/105403\/revisions"}],"predecessor-version":[{"id":105410,"href":"https:\/\/www.peccin.com.br\/es\/wp-json\/wp\/v2\/pages\/105403\/revisions\/105410"}],"wp:featuredmedia":[{"embeddable":true,"href":"https:\/\/www.peccin.com.br\/es\/wp-json\/wp\/v2\/media\/105404"}],"wp:attachment":[{"href":"https:\/\/www.peccin.com.br\/es\/wp-json\/wp\/v2\/media?parent=105403"}],"curies":[{"name":"wp","href":"https:\/\/api.w.org\/{rel}","templated":true}]}}