{"id":105380,"date":"2021-09-16T19:55:00","date_gmt":"2021-09-16T19:55:00","guid":{"rendered":"http:\/\/localhost:8080\/?page_id=105380"},"modified":"2024-06-20T13:36:27","modified_gmt":"2024-06-20T13:36:27","slug":"nossa-historia","status":"publish","type":"page","link":"https:\/\/www.peccin.com.br\/es\/nossa-historia\/","title":{"rendered":"(Portugu\u00eas do Brasil) Nossa Hist\u00f3ria"},"content":{"rendered":"\n<p>O SONHO DOS<strong> IRM\u00c3OS PEZZIN<\/strong><\/p>\n\n\n\n<p>Em 1956, a partir do sonho dos irm\u00e3os Pezzin, nascia uma empresa que, ao longo da sua hist\u00f3ria, se consolidaria pelo seu posicionamento empreendedor, inovador e de profundo respeito ao consumidor.<\/p>\n\n\n\n<p>Hoje a Peccin se firmou como uma grande ind\u00fastria, com um parque industrial e log\u00edstico de 40.000m\u00b2 de \u00e1rea constru\u00edda e uma das maiores capacidades de produ\u00e7\u00e3o do pa\u00eds no segmento. \u00c9 detentora de marcas como Trento, Tribala e Blong.<\/p>\n\n\n\n<p>E foi assim que n\u00f3s crescemos: entendendo que a evolu\u00e7\u00e3o di\u00e1ria \u00e9 fruto do investimento cont\u00ednuo em pesquisa e desenvolvimento. Com os olhos atentos e voltados ao mercado mundial, acompanhando tend\u00eancias, mudan\u00e7as de comportamento e h\u00e1bitos de consumo, evoluindo incansavelmente em todas as tecnologias \u2013<br>sejam elas de produ\u00e7\u00e3o ou gest\u00e3o.<\/p>\n\n\n\n<p>Atrav\u00e9s do nosso compromisso, tamb\u00e9m conquistamos certifica\u00e7\u00f5es como a BRC \u2013 para garantir produtos seguros e com controle de qualidade, tanto para o mercado brasileiro quanto para os mais de 50 pa\u00edses nos quais atuamos nos cinco continentes, sempre guiados pela \u00e9tica, honestidade e respeito.<\/p>\n\n\n\n<p><\/p>\n\n\n\n<p>\n<br>\n<\/p>\n\n\n\n<h3 class=\"wp-block-heading\"><p>CULTURA <strong>PECCIN<\/strong><\/p><\/h3>\n\n\n\n<p><strong>Vis\u00e3o<\/strong><\/p>\n\n\n\n<p>Em at\u00e9 dez anos triplicaremos o faturamento da Peccin.<\/p>\n\n\n\n<p><strong>Miss\u00e3o<\/strong><\/p>\n\n\n\n<p>Surpreender as pessoas com produtos e sabores que criem momentos felizes.<\/p>\n\n\n\n<p><strong>Valores<\/strong><\/p>\n\n\n\n<p>Trabalho \u2013 trabalho dedicado, produtivo, comprometido, com prontid\u00e3o e pessoas valorizadas.<\/p>\n\n\n\n<p>Solidez \u2013 solidez econ\u00f4mica, retorno aos acionistas e perspectiva de evolu\u00e7\u00e3o aos colaboradores e parceiros.<\/p>\n\n\n\n<p>Qualidade &#8211;&nbsp; expans\u00e3o cont\u00ednua da qualidade em tudo que fazemos.<\/p>\n\n\n\n<p>Inova\u00e7\u00e3o \u2013 inova\u00e7\u00e3o cont\u00ednua de produtos, processos e servi\u00e7os.<\/p>\n\n\n\n<p>Serenidade \u2013 \u00e9tica, transpar\u00eancia e responsabilidade social e ambiental<\/p>\n\n\n\n<p>Paix\u00e3o \u2013 paix\u00e3o em fazer produtos saborosos e encantadores.<\/p>\n","protected":false},"excerpt":{"rendered":"<h3>Uma<strong>hist\u00f3ria dedicada <\/strong>a um \u00fanico objetivo:<strong>a sua<\/strong><\/h3>\n<h3>felicidade<\/h3>\n","protected":false},"author":33,"featured_media":105426,"parent":0,"menu_order":0,"comment_status":"closed","ping_status":"closed","template":"","meta":{"footnotes":""},"class_list":["post-105380","page","type-page","status-publish","has-post-thumbnail","hentry"],"yoast_head":"<!-- This site is optimized with the Yoast SEO plugin v16.0 - https:\/\/yoast.com\/wordpress\/plugins\/seo\/ -->\n<link rel=\"canonical\" href=\"https:\/\/www.peccin.com.br\/nossa-historia\/\" \/>\n<meta property=\"og:locale\" content=\"es_ES\" \/>\n<meta property=\"og:type\" content=\"article\" \/>\n<meta property=\"og:title\" content=\"[:pb]Nossa Hist\u00f3ria[:] | Peccin\" \/>\n<meta property=\"og:description\" content=\"Umahist\u00f3ria dedicada a um \u00fanico objetivo:a sua felicidade\" \/>\n<meta property=\"og:url\" content=\"https:\/\/www.peccin.com.br\/nossa-historia\/\" \/>\n<meta property=\"og:site_name\" content=\"Peccin\" \/>\n<meta property=\"article:modified_time\" content=\"2024-06-20T13:36:27+00:00\" \/>\n<meta property=\"og:image\" content=\"https:\/\/www.peccin.com.br\/wp-content\/uploads\/2021\/09\/peccin-home.jpg\" \/>\n\t<meta property=\"og:image:width\" content=\"1920\" \/>\n\t<meta property=\"og:image:height\" content=\"458\" \/>\n<meta name=\"twitter:card\" content=\"summary\" \/>\n<meta name=\"twitter:label1\" content=\"Est. reading time\">\n\t<meta name=\"twitter:data1\" content=\"2 minutos\">\n<script type=\"application\/ld+json\" class=\"yoast-schema-graph\">{\"@context\":\"https:\/\/schema.org\",\"@graph\":[{\"@type\":\"WebSite\",\"@id\":\"https:\/\/www.peccin.com.br\/#website\",\"url\":\"https:\/\/www.peccin.com.br\/\",\"name\":\"Peccin\",\"description\":\"S\\u00f3 mais um site WordPress\",\"potentialAction\":[{\"@type\":\"SearchAction\",\"target\":\"https:\/\/www.peccin.com.br\/?s={search_term_string}\",\"query-input\":\"required name=search_term_string\"}],\"inLanguage\":\"es\"},{\"@type\":\"ImageObject\",\"@id\":\"https:\/\/www.peccin.com.br\/nossa-historia\/#primaryimage\",\"inLanguage\":\"es\",\"url\":\"https:\/\/www.peccin.com.br\/wp-content\/uploads\/2021\/09\/peccin-home.jpg\",\"width\":1920,\"height\":458},{\"@type\":\"WebPage\",\"@id\":\"https:\/\/www.peccin.com.br\/nossa-historia\/#webpage\",\"url\":\"https:\/\/www.peccin.com.br\/nossa-historia\/\",\"name\":\"[:pb]Nossa Hist\\u00f3ria[:] | Peccin\",\"isPartOf\":{\"@id\":\"https:\/\/www.peccin.com.br\/#website\"},\"primaryImageOfPage\":{\"@id\":\"https:\/\/www.peccin.com.br\/nossa-historia\/#primaryimage\"},\"datePublished\":\"2021-09-16T19:55:00+00:00\",\"dateModified\":\"2024-06-20T13:36:27+00:00\",\"breadcrumb\":{\"@id\":\"https:\/\/www.peccin.com.br\/nossa-historia\/#breadcrumb\"},\"inLanguage\":\"es\",\"potentialAction\":[{\"@type\":\"ReadAction\",\"target\":[\"https:\/\/www.peccin.com.br\/nossa-historia\/\"]}]},{\"@type\":\"BreadcrumbList\",\"@id\":\"https:\/\/www.peccin.com.br\/nossa-historia\/#breadcrumb\",\"itemListElement\":[{\"@type\":\"ListItem\",\"position\":1,\"item\":{\"@type\":\"WebPage\",\"@id\":\"https:\/\/www.peccin.com.br\/\",\"url\":\"https:\/\/www.peccin.com.br\/\",\"name\":\"Inicio\"}},{\"@type\":\"ListItem\",\"position\":2,\"item\":{\"@type\":\"WebPage\",\"@id\":\"https:\/\/www.peccin.com.br\/nossa-historia\/\",\"url\":\"https:\/\/www.peccin.com.br\/nossa-historia\/\",\"name\":\"Nossa Hist\\u00f3ria\"}}]}]}<\/script>\n<!-- \/ Yoast SEO plugin. -->","_links":{"self":[{"href":"https:\/\/www.peccin.com.br\/es\/wp-json\/wp\/v2\/pages\/105380","targetHints":{"allow":["GET"]}}],"collection":[{"href":"https:\/\/www.peccin.com.br\/es\/wp-json\/wp\/v2\/pages"}],"about":[{"href":"https:\/\/www.peccin.com.br\/es\/wp-json\/wp\/v2\/types\/page"}],"author":[{"embeddable":true,"href":"https:\/\/www.peccin.com.br\/es\/wp-json\/wp\/v2\/users\/33"}],"replies":[{"embeddable":true,"href":"https:\/\/www.peccin.com.br\/es\/wp-json\/wp\/v2\/comments?post=105380"}],"version-history":[{"count":15,"href":"https:\/\/www.peccin.com.br\/es\/wp-json\/wp\/v2\/pages\/105380\/revisions"}],"predecessor-version":[{"id":108469,"href":"https:\/\/www.peccin.com.br\/es\/wp-json\/wp\/v2\/pages\/105380\/revisions\/108469"}],"wp:featuredmedia":[{"embeddable":true,"href":"https:\/\/www.peccin.com.br\/es\/wp-json\/wp\/v2\/media\/105426"}],"wp:attachment":[{"href":"https:\/\/www.peccin.com.br\/es\/wp-json\/wp\/v2\/media?parent=105380"}],"curies":[{"name":"wp","href":"https:\/\/api.w.org\/{rel}","templated":true}]}}